{"id":243,"date":"2023-03-13T11:41:31","date_gmt":"2023-03-13T11:41:31","guid":{"rendered":"https:\/\/cortes-property.com\/?page_id=243"},"modified":"2023-03-15T10:11:23","modified_gmt":"2023-03-15T10:11:23","slug":"iriski-industrijski-park","status":"publish","type":"page","link":"https:\/\/cortes-property.com\/?page_id=243","title":{"rendered":"Iri\u0161ki Industrijski park"},"content":{"rendered":"\t\t<div data-elementor-type=\"wp-page\" data-elementor-id=\"243\" class=\"elementor elementor-243\" data-elementor-post-type=\"page\">\n\t\t\t\t\t\t<section class=\"elementor-section elementor-top-section elementor-element elementor-element-3addab19 elementor-section-boxed elementor-section-height-default elementor-section-height-default\" data-id=\"3addab19\" data-element_type=\"section\" data-e-type=\"section\" data-settings=\"{&quot;background_background&quot;:&quot;classic&quot;}\">\n\t\t\t\t\t\t<div class=\"elementor-container elementor-column-gap-no\">\n\t\t\t\t\t<div class=\"elementor-column elementor-col-100 elementor-top-column elementor-element elementor-element-2f1dfa29\" data-id=\"2f1dfa29\" data-element_type=\"column\" data-e-type=\"column\">\n\t\t\t<div class=\"elementor-widget-wrap elementor-element-populated\">\n\t\t\t\t\t\t<div class=\"elementor-element elementor-element-7d5d3a74 elementor-widget elementor-widget-heading\" data-id=\"7d5d3a74\" data-element_type=\"widget\" data-e-type=\"widget\" data-widget_type=\"heading.default\">\n\t\t\t\t<div class=\"elementor-widget-container\">\n\t\t\t\t\t<h2 class=\"elementor-heading-title elementor-size-default\">Iri\u0161ki Industrijski Park<\/h2>\t\t\t\t<\/div>\n\t\t\t\t<\/div>\n\t\t\t\t\t<\/div>\n\t\t<\/div>\n\t\t\t\t\t<\/div>\n\t\t<\/section>\n\t\t\t\t<section class=\"elementor-section elementor-top-section elementor-element elementor-element-3f267d80 elementor-section-stretched elementor-section-full_width elementor-section-height-default elementor-section-height-default\" data-id=\"3f267d80\" data-element_type=\"section\" data-e-type=\"section\" data-settings=\"{&quot;stretch_section&quot;:&quot;section-stretched&quot;,&quot;background_background&quot;:&quot;classic&quot;}\">\n\t\t\t\t\t\t<div class=\"elementor-container elementor-column-gap-no\">\n\t\t\t\t\t<div class=\"elementor-column elementor-col-100 elementor-top-column elementor-element elementor-element-7a04faa5\" data-id=\"7a04faa5\" data-element_type=\"column\" data-e-type=\"column\">\n\t\t\t<div class=\"elementor-widget-wrap elementor-element-populated\">\n\t\t\t\t\t\t<div class=\"elementor-element elementor-element-133de10f elementor-widget__width-auto elementor-absolute elementor-widget elementor-widget-image\" data-id=\"133de10f\" data-element_type=\"widget\" data-e-type=\"widget\" data-settings=\"{&quot;_position&quot;:&quot;absolute&quot;}\" data-widget_type=\"image.default\">\n\t\t\t\t<div class=\"elementor-widget-container\">\n\t\t\t\t\t\t\t\t\t\t\t\t\t\t\t<img decoding=\"async\" src=\"https:\/\/static.live.templately.com\/2020\/09\/5a2debc5-shape_left.png\" title=\"\" alt=\"\" loading=\"lazy\" \/>\t\t\t\t\t\t\t\t\t\t\t\t\t\t\t<\/div>\n\t\t\t\t<\/div>\n\t\t\t\t<section class=\"elementor-section elementor-inner-section elementor-element elementor-element-5202db4a elementor-section-boxed elementor-section-height-default elementor-section-height-default\" data-id=\"5202db4a\" data-element_type=\"section\" data-e-type=\"section\">\n\t\t\t\t\t\t<div class=\"elementor-container elementor-column-gap-no\">\n\t\t\t\t\t<div class=\"elementor-column elementor-col-50 elementor-inner-column elementor-element elementor-element-69c10e24 elementor-invisible\" data-id=\"69c10e24\" data-element_type=\"column\" data-e-type=\"column\" data-settings=\"{&quot;animation&quot;:&quot;fadeInLeft&quot;}\">\n\t\t\t<div class=\"elementor-widget-wrap\">\n\t\t\t\t\t\t\t<\/div>\n\t\t<\/div>\n\t\t\t\t<div class=\"elementor-column elementor-col-50 elementor-inner-column elementor-element elementor-element-783a771a elementor-invisible\" data-id=\"783a771a\" data-element_type=\"column\" data-e-type=\"column\" data-settings=\"{&quot;animation&quot;:&quot;fadeInRight&quot;}\">\n\t\t\t<div class=\"elementor-widget-wrap elementor-element-populated\">\n\t\t\t\t\t\t<div class=\"elementor-element elementor-element-8cd6654 elementor-widget elementor-widget-image\" data-id=\"8cd6654\" data-element_type=\"widget\" data-e-type=\"widget\" data-settings=\"{&quot;motion_fx_motion_fx_scrolling&quot;:&quot;yes&quot;,&quot;motion_fx_scale_effect&quot;:&quot;yes&quot;,&quot;motion_fx_scale_direction&quot;:&quot;in-out&quot;,&quot;motion_fx_scale_speed&quot;:{&quot;unit&quot;:&quot;px&quot;,&quot;size&quot;:1,&quot;sizes&quot;:[]},&quot;motion_fx_scale_range&quot;:{&quot;unit&quot;:&quot;%&quot;,&quot;size&quot;:&quot;&quot;,&quot;sizes&quot;:{&quot;start&quot;:20,&quot;end&quot;:80}},&quot;motion_fx_devices&quot;:[&quot;desktop&quot;,&quot;tablet&quot;,&quot;mobile&quot;]}\" data-widget_type=\"image.default\">\n\t\t\t\t<div class=\"elementor-widget-container\">\n\t\t\t\t\t\t\t\t\t\t\t\t\t\t\t<img fetchpriority=\"high\" decoding=\"async\" width=\"1920\" height=\"1281\" src=\"https:\/\/cortes-property.com\/wp-content\/uploads\/2023\/03\/IRISKI-INDUSTRIJSKI-PARk-HALA-1.png\" class=\"attachment-full size-full wp-image-245\" alt=\"\" srcset=\"https:\/\/cortes-property.com\/wp-content\/uploads\/2023\/03\/IRISKI-INDUSTRIJSKI-PARk-HALA-1.png 1920w, https:\/\/cortes-property.com\/wp-content\/uploads\/2023\/03\/IRISKI-INDUSTRIJSKI-PARk-HALA-1-300x200.png 300w, https:\/\/cortes-property.com\/wp-content\/uploads\/2023\/03\/IRISKI-INDUSTRIJSKI-PARk-HALA-1-1024x683.png 1024w, https:\/\/cortes-property.com\/wp-content\/uploads\/2023\/03\/IRISKI-INDUSTRIJSKI-PARk-HALA-1-768x512.png 768w, https:\/\/cortes-property.com\/wp-content\/uploads\/2023\/03\/IRISKI-INDUSTRIJSKI-PARk-HALA-1-1536x1025.png 1536w\" sizes=\"(max-width: 1920px) 100vw, 1920px\" \/>\t\t\t\t\t\t\t\t\t\t\t\t\t\t\t<\/div>\n\t\t\t\t<\/div>\n\t\t\t\t<div class=\"elementor-element elementor-element-1fe97148 elementor-widget elementor-widget-text-editor\" data-id=\"1fe97148\" data-element_type=\"widget\" data-e-type=\"widget\" data-widget_type=\"text-editor.default\">\n\t\t\t\t<div class=\"elementor-widget-container\">\n\t\t\t\t\t\t\t\t\t<p><strong>Osnovni podaci<\/strong><\/p><p><strong>Lokacija:<\/strong> Zemlji\u0161te se nalazi na ju\u017enoj periferiji Iriga, tj. na izlazu iz Iriga na putu ka Rumi. Zemlji\u0161te se nalazi uz samu saobra\u0107ajnicu, tj. Rumski drum. Saobra\u0107ajnica uz koju\u00a0 se\u00a0 nalazi\u00a0 predmetno\u00a0 zemlji\u0161te\u00a0 predstavlja\u00a0 magistralnu\u00a0 saobra\u0107ajnicu,\u00a0 koja\u00a0 je asfaltirana i dvosmernog karaktera. Lokacijski, zemlji\u0161te\u00a0 se nalazi\u00a0 na veoma pogodnom mestu posmatraju\u0107i pristup,\u00a0 blizinu\u00a0 infrastrukturnih\u00a0 priklju\u010daka\u00a0 i\u00a0 naseljenog\u00a0 mesta\u00a0 Irig.\u00a0 Pristup\u00a0 je omogu\u0107en direktno sa asfaltirane saobra\u0107ajnice, tj. Rumskog druma, koji prema Planu generalna regulacije predstavlja Planirani dr\u017eavni put I reda sa za\u0161titnim pojasem.<\/p>\t\t\t\t\t\t\t\t<\/div>\n\t\t\t\t<\/div>\n\t\t\t\t<div class=\"elementor-element elementor-element-6b5f607d elementor-widget elementor-widget-text-editor\" data-id=\"6b5f607d\" data-element_type=\"widget\" data-e-type=\"widget\" data-widget_type=\"text-editor.default\">\n\t\t\t\t<div class=\"elementor-widget-container\">\n\t\t\t\t\t\t\t\t\t<p>Ukupna\u00a0 povr\u0161ina\u00a0 zemlji\u0161ta\u00a0 iznosi: <strong>24.000 m2.<\/strong><\/p><p><strong>\u00a0<\/strong><strong>Vrsta i namena objekata<\/strong><\/p><p><strong>\u00a0<\/strong><strong>Glavni objekti:<\/strong> poslovni, proizvodni, skladi\u0161ni objekti i u kombinacijama(poslovno-proizvodni, poslovno-skladi\u0161ni, proizvodno-skladi\u0161ni ili poslovno-proizvodno-skladi\u0161ni objekti).<\/p><p><strong>Drugi\u00a0 objekti:<\/strong>\u00a0 u\u00a0 zavisnosti\u00a0 od\u00a0 veli\u010dine\u00a0 parcele\u00a0 i potreba\u00a0 proizvodno-tehnolo\u0161kog procesa, mogu se graditi poslovni, proizvodni i skladi\u0161ni objekti, proizvodni energetski objekti\u00a0 obnovljivih\u00a0 izvora\u00a0 energije,\u00a0 kao\u00a0 drugi\u00a0 objekti\u00a0 na\u00a0 parceli\u00a0 uz glavni\u00a0 objekat odgovaraju\u0107e\u00a0 (gore\u00a0 navedene)\u00a0 namene.<\/p><p><strong>Uslovi za parcelaciju, preparcelaciju i formiranje gra\u0111evinske parcele<\/strong><\/p><p>Povr\u0161ina gra\u0111evinske parcele iznosi minimalno 1000,0 m2, sa \u0161irinom uli\u010dnog fronta od minimalno 20,0 m.<\/p><p><strong>Najve\u0107i dozvoljeni indeks zauzetosti parcele:<\/strong><\/p><ul><li>Indeks zauzetosti parcele je maksimalno 70%.<\/li><li>U sklopu parcele obezbediti min. 30% zelenih povr\u0161ina.<\/li><\/ul><p><strong>Najve\u0107a dozvoljena spratnost i visina objekata <\/strong><\/p><ul><li>U zoni radnih sadr\u017eaja dozvoljena spratnost i visina objekata je:<\/li><\/ul><p>poslovni objekat\u00a0 je\u00a0 spratnosti\u00a0 od\u00a0 P do maks.\u00a0 P+1+Pk,\u00a0 a\u00a0 ukupna visina\u00a0 objekta ne mo\u017ee pre\u0107i 12,0 m;<\/p><ul><li>U izuzetnim slu\u010dajevima dozvoljava se i ve\u0107a spratnost (domaks.P+3) i visina (do maks. 16,0 m), kada poslovni objekti predstavljaju prostorno-vizuelne repere ve\u0107ih kompleksa i kada to zahtevaju uslovi rada;<\/li><li>proizvodni i skladi\u0161ni objekat je spratnosti od P do maks. P+1, a ukupna visina objekta je maks. 9,0 m, s tim da mo\u017ee biti i vi\u0161e, ako to zahteva tehnolo\u0161ki proces proizvodnje, odnosno skladi\u0161tenja;<\/li><li>pomo\u0107ni objekat je maks. spratnosti P (prizemlje), a maks. visine 4,0 m.<\/li><\/ul><p><strong>Prodato: <\/strong><strong>8.000 m2<\/strong><\/p><p><strong>\u00a0<\/strong><strong>Radovi u toku: <\/strong>Gradnja hale za skladi\u0161tenje i logistiku, veli\u010dine 2.600 m2 i poslovnog prostora od 400 m2<\/p><p><strong>Za sve dodatne informacije stojimo Vam na raspolaganju.<\/strong><\/p>\t\t\t\t\t\t\t\t<\/div>\n\t\t\t\t<\/div>\n\t\t\t\t<div class=\"elementor-element elementor-element-95f9d8 gallery-spacing-custom elementor-widget elementor-widget-image-gallery\" data-id=\"95f9d8\" data-element_type=\"widget\" data-e-type=\"widget\" data-settings=\"{&quot;motion_fx_motion_fx_scrolling&quot;:&quot;yes&quot;,&quot;motion_fx_scale_effect&quot;:&quot;yes&quot;,&quot;motion_fx_scale_speed&quot;:{&quot;unit&quot;:&quot;px&quot;,&quot;size&quot;:1,&quot;sizes&quot;:[]},&quot;motion_fx_scale_range&quot;:{&quot;unit&quot;:&quot;%&quot;,&quot;size&quot;:&quot;&quot;,&quot;sizes&quot;:{&quot;start&quot;:20,&quot;end&quot;:100}},&quot;motion_fx_scale_direction&quot;:&quot;out-in&quot;,&quot;motion_fx_devices&quot;:[&quot;desktop&quot;,&quot;tablet&quot;,&quot;mobile&quot;]}\" data-widget_type=\"image-gallery.default\">\n\t\t\t\t<div class=\"elementor-widget-container\">\n\t\t\t\t\t\t\t<div class=\"elementor-image-gallery\">\n\t\t\t\t\t<\/div>\n\t\t\t\t\t\t<\/div>\n\t\t\t\t<\/div>\n\t\t\t\t\t<\/div>\n\t\t<\/div>\n\t\t\t\t\t<\/div>\n\t\t<\/section>\n\t\t\t\t\t<\/div>\n\t\t<\/div>\n\t\t\t\t\t<\/div>\n\t\t<\/section>\n\t\t\t\t<\/div>\n\t\t","protected":false},"excerpt":{"rendered":"<p>Iri\u0161ki Industrijski Park Lokacija Greenhill Residencijalni Park Iri\u0161ki Industrijski Park Osnovni podaci Lokacija: Zemlji\u0161te se nalazi na ju\u017enoj periferiji Iriga, tj. na izlazu iz Iriga na putu ka Rumi. Zemlji\u0161te se nalazi uz samu saobra\u0107ajnicu, tj. Rumski drum. Saobra\u0107ajnica uz koju\u00a0 se\u00a0 nalazi\u00a0 predmetno\u00a0 zemlji\u0161te\u00a0 predstavlja\u00a0 magistralnu\u00a0 saobra\u0107ajnicu,\u00a0 koja\u00a0 je asfaltirana i dvosmernog karaktera. Lokacijski, [&hellip;]<\/p>\n","protected":false},"author":1,"featured_media":0,"parent":0,"menu_order":0,"comment_status":"closed","ping_status":"closed","template":"elementor_header_footer","meta":{"footnotes":""},"class_list":["post-243","page","type-page","status-publish","hentry"],"_links":{"self":[{"href":"https:\/\/cortes-property.com\/index.php?rest_route=\/wp\/v2\/pages\/243","targetHints":{"allow":["GET"]}}],"collection":[{"href":"https:\/\/cortes-property.com\/index.php?rest_route=\/wp\/v2\/pages"}],"about":[{"href":"https:\/\/cortes-property.com\/index.php?rest_route=\/wp\/v2\/types\/page"}],"author":[{"embeddable":true,"href":"https:\/\/cortes-property.com\/index.php?rest_route=\/wp\/v2\/users\/1"}],"replies":[{"embeddable":true,"href":"https:\/\/cortes-property.com\/index.php?rest_route=%2Fwp%2Fv2%2Fcomments&post=243"}],"version-history":[{"count":10,"href":"https:\/\/cortes-property.com\/index.php?rest_route=\/wp\/v2\/pages\/243\/revisions"}],"predecessor-version":[{"id":279,"href":"https:\/\/cortes-property.com\/index.php?rest_route=\/wp\/v2\/pages\/243\/revisions\/279"}],"wp:attachment":[{"href":"https:\/\/cortes-property.com\/index.php?rest_route=%2Fwp%2Fv2%2Fmedia&parent=243"}],"curies":[{"name":"wp","href":"https:\/\/api.w.org\/{rel}","templated":true}]}}