{"id":228,"date":"2023-03-13T11:33:15","date_gmt":"2023-03-13T11:33:15","guid":{"rendered":"https:\/\/cortes-property.com\/?page_id=228"},"modified":"2023-03-15T10:10:57","modified_gmt":"2023-03-15T10:10:57","slug":"greenhill-residential-park","status":"publish","type":"page","link":"https:\/\/cortes-property.com\/?page_id=228","title":{"rendered":"Greenhill Residential Park"},"content":{"rendered":"\t\t<div data-elementor-type=\"wp-page\" data-elementor-id=\"228\" class=\"elementor elementor-228\" data-elementor-post-type=\"page\">\n\t\t\t\t\t\t<section class=\"elementor-section elementor-top-section elementor-element elementor-element-21bf70e1 elementor-section-boxed elementor-section-height-default elementor-section-height-default\" data-id=\"21bf70e1\" data-element_type=\"section\" data-e-type=\"section\" data-settings=\"{&quot;background_background&quot;:&quot;classic&quot;}\">\n\t\t\t\t\t\t<div class=\"elementor-container elementor-column-gap-no\">\n\t\t\t\t\t<div class=\"elementor-column elementor-col-100 elementor-top-column elementor-element elementor-element-2718c9\" data-id=\"2718c9\" data-element_type=\"column\" data-e-type=\"column\">\n\t\t\t<div class=\"elementor-widget-wrap elementor-element-populated\">\n\t\t\t\t\t\t<div class=\"elementor-element elementor-element-6c44f6ad elementor-widget elementor-widget-heading\" data-id=\"6c44f6ad\" data-element_type=\"widget\" data-e-type=\"widget\" data-widget_type=\"heading.default\">\n\t\t\t\t<div class=\"elementor-widget-container\">\n\t\t\t\t\t<h2 class=\"elementor-heading-title elementor-size-default\">Greenhill Residencijalni Park<\/h2>\t\t\t\t<\/div>\n\t\t\t\t<\/div>\n\t\t\t\t\t<\/div>\n\t\t<\/div>\n\t\t\t\t\t<\/div>\n\t\t<\/section>\n\t\t\t\t<section class=\"elementor-section elementor-top-section elementor-element elementor-element-6c7ae543 elementor-section-stretched elementor-section-full_width elementor-section-height-default elementor-section-height-default\" data-id=\"6c7ae543\" data-element_type=\"section\" data-e-type=\"section\" data-settings=\"{&quot;stretch_section&quot;:&quot;section-stretched&quot;,&quot;background_background&quot;:&quot;classic&quot;}\">\n\t\t\t\t\t\t<div class=\"elementor-container elementor-column-gap-no\">\n\t\t\t\t\t<div class=\"elementor-column elementor-col-100 elementor-top-column elementor-element elementor-element-50cf2bd0\" data-id=\"50cf2bd0\" data-element_type=\"column\" data-e-type=\"column\">\n\t\t\t<div class=\"elementor-widget-wrap elementor-element-populated\">\n\t\t\t\t\t\t<div class=\"elementor-element elementor-element-2099fa43 elementor-widget__width-auto elementor-absolute elementor-widget elementor-widget-image\" data-id=\"2099fa43\" data-element_type=\"widget\" data-e-type=\"widget\" data-settings=\"{&quot;_position&quot;:&quot;absolute&quot;}\" data-widget_type=\"image.default\">\n\t\t\t\t<div class=\"elementor-widget-container\">\n\t\t\t\t\t\t\t\t\t\t\t\t\t\t\t<img decoding=\"async\" src=\"https:\/\/static.live.templately.com\/2020\/09\/5a2debc5-shape_left.png\" title=\"\" alt=\"\" loading=\"lazy\" \/>\t\t\t\t\t\t\t\t\t\t\t\t\t\t\t<\/div>\n\t\t\t\t<\/div>\n\t\t\t\t<section class=\"elementor-section elementor-inner-section elementor-element elementor-element-7561c28f elementor-section-boxed elementor-section-height-default elementor-section-height-default\" data-id=\"7561c28f\" data-element_type=\"section\" data-e-type=\"section\">\n\t\t\t\t\t\t<div class=\"elementor-container elementor-column-gap-no\">\n\t\t\t\t\t<div class=\"elementor-column elementor-col-50 elementor-inner-column elementor-element elementor-element-15f84b98 elementor-invisible\" data-id=\"15f84b98\" data-element_type=\"column\" data-e-type=\"column\" data-settings=\"{&quot;animation&quot;:&quot;fadeInLeft&quot;}\">\n\t\t\t<div class=\"elementor-widget-wrap\">\n\t\t\t\t\t\t\t<\/div>\n\t\t<\/div>\n\t\t\t\t<div class=\"elementor-column elementor-col-50 elementor-inner-column elementor-element elementor-element-1c3d6a11 elementor-invisible\" data-id=\"1c3d6a11\" data-element_type=\"column\" data-e-type=\"column\" data-settings=\"{&quot;animation&quot;:&quot;fadeInRight&quot;}\">\n\t\t\t<div class=\"elementor-widget-wrap elementor-element-populated\">\n\t\t\t\t\t\t<div class=\"elementor-element elementor-element-6e7a0f67 elementor-widget elementor-widget-image\" data-id=\"6e7a0f67\" data-element_type=\"widget\" data-e-type=\"widget\" data-settings=\"{&quot;motion_fx_motion_fx_scrolling&quot;:&quot;yes&quot;,&quot;motion_fx_scale_effect&quot;:&quot;yes&quot;,&quot;motion_fx_scale_direction&quot;:&quot;in-out&quot;,&quot;motion_fx_scale_speed&quot;:{&quot;unit&quot;:&quot;px&quot;,&quot;size&quot;:1,&quot;sizes&quot;:[]},&quot;motion_fx_scale_range&quot;:{&quot;unit&quot;:&quot;%&quot;,&quot;size&quot;:&quot;&quot;,&quot;sizes&quot;:{&quot;start&quot;:20,&quot;end&quot;:80}},&quot;motion_fx_devices&quot;:[&quot;desktop&quot;,&quot;tablet&quot;,&quot;mobile&quot;]}\" data-widget_type=\"image.default\">\n\t\t\t\t<div class=\"elementor-widget-container\">\n\t\t\t\t\t\t\t\t\t\t\t\t\t\t\t<img fetchpriority=\"high\" decoding=\"async\" width=\"1920\" height=\"1315\" src=\"https:\/\/cortes-property.com\/wp-content\/uploads\/2023\/03\/GREEN-HILL-RESIDENTAL-PARK.png\" class=\"attachment-full size-full wp-image-267\" alt=\"\" srcset=\"https:\/\/cortes-property.com\/wp-content\/uploads\/2023\/03\/GREEN-HILL-RESIDENTAL-PARK.png 1920w, https:\/\/cortes-property.com\/wp-content\/uploads\/2023\/03\/GREEN-HILL-RESIDENTAL-PARK-300x205.png 300w, https:\/\/cortes-property.com\/wp-content\/uploads\/2023\/03\/GREEN-HILL-RESIDENTAL-PARK-1024x701.png 1024w, https:\/\/cortes-property.com\/wp-content\/uploads\/2023\/03\/GREEN-HILL-RESIDENTAL-PARK-768x526.png 768w, https:\/\/cortes-property.com\/wp-content\/uploads\/2023\/03\/GREEN-HILL-RESIDENTAL-PARK-1536x1052.png 1536w\" sizes=\"(max-width: 1920px) 100vw, 1920px\" \/>\t\t\t\t\t\t\t\t\t\t\t\t\t\t\t<\/div>\n\t\t\t\t<\/div>\n\t\t\t\t<div class=\"elementor-element elementor-element-1765e8c6 elementor-widget elementor-widget-text-editor\" data-id=\"1765e8c6\" data-element_type=\"widget\" data-e-type=\"widget\" data-widget_type=\"text-editor.default\">\n\t\t\t\t<div class=\"elementor-widget-container\">\n\t\t\t\t\t\t\t\t\t<p>Zamislite jedno mesto gde individualno dizajnirane, ekolo\u0161ki svesne ku\u0107e sa predivnom panoramom, gledaju direktno na obronke <strong>Fru\u0161ke gore<\/strong>, i udaljene su samo petnaestak minuta od centra <strong>Novog Sada<\/strong>.<\/p><p><br \/>Jedno mesto, gde \u0107ete imati priliku da se bavite sportom, da se opustite, da radite, odgajate decu, da se odmorite i napunite energijom, a sve to, u jednom modernom \u017eivotnom prostoru, okru\u017eenom predivnom zelenom prirodom.<\/p><p><br \/>Jedno mesto, gde mo\u017eete napokon \u017eiveti.<\/p><p><br \/>Ovo je sve ono, \u0161to nudi <strong>GREENHILL REZIDENCIJALNI PARK<\/strong>. Va\u0161 dom, uskla\u0111en sa modernim \u017eivotnim stilom i prirodom.<\/p><p><br \/>Kakav je ose\u0107aj \u017eiveti istovremeno u gradu i u prirodi? Dugo je to bilo nemogu\u0107e, ili je to bila privilegija samo nekolicine izabranih. Glavni cilj kompanije <strong>CORTES PROPERTY<\/strong> je da se ovo promeni i u\u010dini grad i prirodu dostupnim svima.<\/p><p><br \/><strong>OSNOVI PODACI:<\/strong><\/p><p><br \/><strong>Povr\u0161ina:<\/strong> <span style=\"text-decoration: underline;\">27.561 m2<\/span><br \/><strong>Lokacija:<\/strong> <span style=\"text-decoration: underline;\">IRIG<\/span><\/p><p><br \/><strong>Irig<\/strong> je gradsko naselje u op\u0161tini <strong>Irig u Srbiji<\/strong>, koje administrativno pripada Sremskom okrugu. Le\u017ei na veoma va\u017enoj saobra\u0107ajnici koja polazi od <strong>Novog Sada<\/strong> i preko <strong>Iri\u0161kog venca<\/strong>, i srednjim delom ju\u017enih obronaka <strong>Fru\u0161ke gore<\/strong> spu\u0161ta se do <strong>Rume<\/strong>. Poznat vo\u0107arsko-vinogradarski rejon, sa velikim vinskim podrumom. Ima bogatu kulturnu tradiciju, a naro\u010diti zna\u010daj ima <strong>Prva srpska \u010ditaonica.<\/strong> Tradicionalne manifestacije: <strong>Dositejevi dani, Pudarski dani<\/strong> i drugo. Zna\u010dajan je turisti\u010dki potencijal, a posebno su poznati fru\u0161kogorski<br \/>manastiri. Od sredine 2015. godine, u <b>Irigu<\/b>\u00a0se nalazi jedino predstavni\u0161tvo starokatoli\u010dkih\u00a0crkava za podru\u010dje <strong>R. Srbije.<\/strong><\/p><p><br \/><a href=\"https:\/\/cortes-property.com\/?page_id=212\"><strong>\u010cITAJTE DALJE\u2026<\/strong><\/a><\/p><p><strong>Na\u0161 sajt se neprekidno a\u017eurira. Pratite na\u0161e ponude i nove informacije.<\/strong><\/p>\t\t\t\t\t\t\t\t<\/div>\n\t\t\t\t<\/div>\n\t\t\t\t<div class=\"elementor-element elementor-element-127d6f84 gallery-spacing-custom elementor-widget elementor-widget-image-gallery\" data-id=\"127d6f84\" data-element_type=\"widget\" data-e-type=\"widget\" data-settings=\"{&quot;motion_fx_motion_fx_scrolling&quot;:&quot;yes&quot;,&quot;motion_fx_scale_effect&quot;:&quot;yes&quot;,&quot;motion_fx_scale_speed&quot;:{&quot;unit&quot;:&quot;px&quot;,&quot;size&quot;:1,&quot;sizes&quot;:[]},&quot;motion_fx_scale_range&quot;:{&quot;unit&quot;:&quot;%&quot;,&quot;size&quot;:&quot;&quot;,&quot;sizes&quot;:{&quot;start&quot;:20,&quot;end&quot;:100}},&quot;motion_fx_scale_direction&quot;:&quot;out-in&quot;,&quot;motion_fx_devices&quot;:[&quot;desktop&quot;,&quot;tablet&quot;,&quot;mobile&quot;]}\" data-widget_type=\"image-gallery.default\">\n\t\t\t\t<div class=\"elementor-widget-container\">\n\t\t\t\t\t\t\t<div class=\"elementor-image-gallery\">\n\t\t\t\t\t<\/div>\n\t\t\t\t\t\t<\/div>\n\t\t\t\t<\/div>\n\t\t\t\t\t<\/div>\n\t\t<\/div>\n\t\t\t\t\t<\/div>\n\t\t<\/section>\n\t\t\t\t\t<\/div>\n\t\t<\/div>\n\t\t\t\t\t<\/div>\n\t\t<\/section>\n\t\t\t\t<\/div>\n\t\t","protected":false},"excerpt":{"rendered":"<p>Greenhill Residencijalni Park Lokacija Greenhill Residencijalni Park Iri\u0161ki Industrijski Park Zamislite jedno mesto gde individualno dizajnirane, ekolo\u0161ki svesne ku\u0107e sa predivnom panoramom, gledaju direktno na obronke Fru\u0161ke gore, i udaljene su samo petnaestak minuta od centra Novog Sada. Jedno mesto, gde \u0107ete imati priliku da se bavite sportom, da se opustite, da radite, odgajate decu, [&hellip;]<\/p>\n","protected":false},"author":1,"featured_media":0,"parent":0,"menu_order":0,"comment_status":"closed","ping_status":"closed","template":"elementor_header_footer","meta":{"footnotes":""},"class_list":["post-228","page","type-page","status-publish","hentry"],"_links":{"self":[{"href":"https:\/\/cortes-property.com\/index.php?rest_route=\/wp\/v2\/pages\/228","targetHints":{"allow":["GET"]}}],"collection":[{"href":"https:\/\/cortes-property.com\/index.php?rest_route=\/wp\/v2\/pages"}],"about":[{"href":"https:\/\/cortes-property.com\/index.php?rest_route=\/wp\/v2\/types\/page"}],"author":[{"embeddable":true,"href":"https:\/\/cortes-property.com\/index.php?rest_route=\/wp\/v2\/users\/1"}],"replies":[{"embeddable":true,"href":"https:\/\/cortes-property.com\/index.php?rest_route=%2Fwp%2Fv2%2Fcomments&post=228"}],"version-history":[{"count":13,"href":"https:\/\/cortes-property.com\/index.php?rest_route=\/wp\/v2\/pages\/228\/revisions"}],"predecessor-version":[{"id":276,"href":"https:\/\/cortes-property.com\/index.php?rest_route=\/wp\/v2\/pages\/228\/revisions\/276"}],"wp:attachment":[{"href":"https:\/\/cortes-property.com\/index.php?rest_route=%2Fwp%2Fv2%2Fmedia&parent=228"}],"curies":[{"name":"wp","href":"https:\/\/api.w.org\/{rel}","templated":true}]}}