{"id":212,"date":"2023-03-13T11:21:41","date_gmt":"2023-03-13T11:21:41","guid":{"rendered":"https:\/\/cortes-property.com\/?page_id=212"},"modified":"2023-03-15T10:02:46","modified_gmt":"2023-03-15T10:02:46","slug":"lokacija","status":"publish","type":"page","link":"https:\/\/cortes-property.com\/?page_id=212","title":{"rendered":"Lokacija"},"content":{"rendered":"\t\t<div data-elementor-type=\"wp-page\" data-elementor-id=\"212\" class=\"elementor elementor-212\" data-elementor-post-type=\"page\">\n\t\t\t\t\t\t<section class=\"elementor-section elementor-top-section elementor-element elementor-element-3a22438c elementor-section-boxed elementor-section-height-default elementor-section-height-default\" data-id=\"3a22438c\" data-element_type=\"section\" data-e-type=\"section\" data-settings=\"{&quot;background_background&quot;:&quot;classic&quot;}\">\n\t\t\t\t\t\t<div class=\"elementor-container elementor-column-gap-no\">\n\t\t\t\t\t<div class=\"elementor-column elementor-col-100 elementor-top-column elementor-element elementor-element-23282554\" data-id=\"23282554\" data-element_type=\"column\" data-e-type=\"column\">\n\t\t\t<div class=\"elementor-widget-wrap elementor-element-populated\">\n\t\t\t\t\t\t<div class=\"elementor-element elementor-element-2e93798f elementor-widget elementor-widget-heading\" data-id=\"2e93798f\" data-element_type=\"widget\" data-e-type=\"widget\" data-widget_type=\"heading.default\">\n\t\t\t\t<div class=\"elementor-widget-container\">\n\t\t\t\t\t<h2 class=\"elementor-heading-title elementor-size-default\">Lokacija<\/h2>\t\t\t\t<\/div>\n\t\t\t\t<\/div>\n\t\t\t\t\t<\/div>\n\t\t<\/div>\n\t\t\t\t\t<\/div>\n\t\t<\/section>\n\t\t\t\t<section class=\"elementor-section elementor-top-section elementor-element elementor-element-49f97d1b elementor-section-stretched elementor-section-full_width elementor-section-height-default elementor-section-height-default\" data-id=\"49f97d1b\" data-element_type=\"section\" data-e-type=\"section\" data-settings=\"{&quot;stretch_section&quot;:&quot;section-stretched&quot;,&quot;background_background&quot;:&quot;classic&quot;}\">\n\t\t\t\t\t\t<div class=\"elementor-container elementor-column-gap-no\">\n\t\t\t\t\t<div class=\"elementor-column elementor-col-100 elementor-top-column elementor-element elementor-element-5adebb1e\" data-id=\"5adebb1e\" data-element_type=\"column\" data-e-type=\"column\">\n\t\t\t<div class=\"elementor-widget-wrap elementor-element-populated\">\n\t\t\t\t\t\t<div class=\"elementor-element elementor-element-67424454 elementor-widget__width-auto elementor-absolute elementor-widget elementor-widget-image\" data-id=\"67424454\" data-element_type=\"widget\" data-e-type=\"widget\" data-settings=\"{&quot;_position&quot;:&quot;absolute&quot;}\" data-widget_type=\"image.default\">\n\t\t\t\t<div class=\"elementor-widget-container\">\n\t\t\t\t\t\t\t\t\t\t\t\t\t\t\t<img decoding=\"async\" src=\"https:\/\/static.live.templately.com\/2020\/09\/5a2debc5-shape_left.png\" title=\"\" alt=\"\" loading=\"lazy\" \/>\t\t\t\t\t\t\t\t\t\t\t\t\t\t\t<\/div>\n\t\t\t\t<\/div>\n\t\t\t\t<section class=\"elementor-section elementor-inner-section elementor-element elementor-element-5a141c83 elementor-section-boxed elementor-section-height-default elementor-section-height-default\" data-id=\"5a141c83\" data-element_type=\"section\" data-e-type=\"section\">\n\t\t\t\t\t\t<div class=\"elementor-container elementor-column-gap-no\">\n\t\t\t\t\t<div class=\"elementor-column elementor-col-50 elementor-inner-column elementor-element elementor-element-51effec3 elementor-invisible\" data-id=\"51effec3\" data-element_type=\"column\" data-e-type=\"column\" data-settings=\"{&quot;animation&quot;:&quot;fadeInLeft&quot;}\">\n\t\t\t<div class=\"elementor-widget-wrap\">\n\t\t\t\t\t\t\t<\/div>\n\t\t<\/div>\n\t\t\t\t<div class=\"elementor-column elementor-col-50 elementor-inner-column elementor-element elementor-element-6fe523a1 elementor-invisible\" data-id=\"6fe523a1\" data-element_type=\"column\" data-e-type=\"column\" data-settings=\"{&quot;animation&quot;:&quot;fadeInRight&quot;}\">\n\t\t\t<div class=\"elementor-widget-wrap elementor-element-populated\">\n\t\t\t\t\t\t<div class=\"elementor-element elementor-element-5c097201 elementor-widget elementor-widget-image\" data-id=\"5c097201\" data-element_type=\"widget\" data-e-type=\"widget\" data-settings=\"{&quot;motion_fx_motion_fx_scrolling&quot;:&quot;yes&quot;,&quot;motion_fx_scale_effect&quot;:&quot;yes&quot;,&quot;motion_fx_scale_direction&quot;:&quot;in-out&quot;,&quot;motion_fx_scale_speed&quot;:{&quot;unit&quot;:&quot;px&quot;,&quot;size&quot;:1,&quot;sizes&quot;:[]},&quot;motion_fx_scale_range&quot;:{&quot;unit&quot;:&quot;%&quot;,&quot;size&quot;:&quot;&quot;,&quot;sizes&quot;:{&quot;start&quot;:20,&quot;end&quot;:80}},&quot;motion_fx_devices&quot;:[&quot;desktop&quot;,&quot;tablet&quot;,&quot;mobile&quot;]}\" data-widget_type=\"image.default\">\n\t\t\t\t<div class=\"elementor-widget-container\">\n\t\t\t\t\t\t\t\t\t\t\t\t\t\t\t<img fetchpriority=\"high\" decoding=\"async\" width=\"1920\" height=\"1281\" src=\"https:\/\/cortes-property.com\/wp-content\/uploads\/2023\/03\/LOKATION-1.png\" class=\"attachment-full size-full wp-image-217\" alt=\"\" srcset=\"https:\/\/cortes-property.com\/wp-content\/uploads\/2023\/03\/LOKATION-1.png 1920w, https:\/\/cortes-property.com\/wp-content\/uploads\/2023\/03\/LOKATION-1-300x200.png 300w, https:\/\/cortes-property.com\/wp-content\/uploads\/2023\/03\/LOKATION-1-1024x683.png 1024w, https:\/\/cortes-property.com\/wp-content\/uploads\/2023\/03\/LOKATION-1-768x512.png 768w, https:\/\/cortes-property.com\/wp-content\/uploads\/2023\/03\/LOKATION-1-1536x1025.png 1536w\" sizes=\"(max-width: 1920px) 100vw, 1920px\" \/>\t\t\t\t\t\t\t\t\t\t\t\t\t\t\t<\/div>\n\t\t\t\t<\/div>\n\t\t\t\t<div class=\"elementor-element elementor-element-77645dbd elementor-widget elementor-widget-text-editor\" data-id=\"77645dbd\" data-element_type=\"widget\" data-e-type=\"widget\" data-widget_type=\"text-editor.default\">\n\t\t\t\t<div class=\"elementor-widget-container\">\n\t\t\t\t\t\t\t\t\t<p>Irig je dru\u017eeljubiva op\u0161tina, koja nudi bogat kulturni i turisti\u010dki sadr\u017eaj kako posetiocima, tako i svojim stanovnicima. Pored toga, Irig ima izuzetno prirodno okru\u017eenje. Grad se nalazi na ju\u017enim obroncima Fru\u0161ke gore, planine u severnom Sremu, koju zbog prelepog pejza\u017ea, prirode i \u017eivopisnog sela, nazivaju i dragulj Srbije. Fru\u0161ka gora je najstariji moderni nacionalni park u Srbiji, sa najve\u0107om koncentracijom lipovih \u0161uma u \u200b\u200bEvropi i dom mnogih za\u0161ti\u0107enih vrsta biljaka, insekata i \u017eivotinja.<\/p>\t\t\t\t\t\t\t\t<\/div>\n\t\t\t\t<\/div>\n\t\t\t\t<div class=\"elementor-element elementor-element-b9ed096 elementor-widget elementor-widget-text-editor\" data-id=\"b9ed096\" data-element_type=\"widget\" data-e-type=\"widget\" data-widget_type=\"text-editor.default\">\n\t\t\t\t<div class=\"elementor-widget-container\">\n\t\t\t\t\t\t\t\t\t<p>Op\u0161tina Irig ima 12 naselja. Prostire se na povr\u0161ini od 225 kvadratnih kilometara i ima populaciju od oko 10.000 ljudi. Kao naselje na fru\u0161kogorskom podru\u010dju, Irig ima veoma povoljan geografski polo\u017eaj, posebno u pogledu turisti\u010dkih kretanja.<\/p><p>Vinogradarstvo je jedan od najva\u017enijih segmenata poljoprivredne delatnosti u op\u0161tini. Odlikuju ga odli\u010dni klimatski i geolo\u0161ki uslovi, duga tradicija vinogradarstva i vinarstva, kao i prepoznatljivost geografskog porekla fru\u0161kogorskih vina. Na teritoriji op\u0161tine Irig postoje tri najzna\u010dajnije vinarije po koli\u010dini proizvedenog vina i to: \u201eKova\u010devic\u0301\u201c, \u201eMa\u010dkov Podrum\u201c i \u201eDeuric\u0301\u201c. U Irigu se pored vina mogu nac\u0301i i kvalitetni kozji sirevi, suvomesnati proizvodi i rakija.<\/p><p><strong>TURISTI\u010cKI POTENCIJAL<\/strong><\/p><p>Op\u0161tina Irig ima veoma povoljne geografske i prirodne karakteristike za razvoj turizma, jer se nalazi na obroncima Fru\u0161ke gore, u centralnom delu Srema. Prostornim planom Republike Srbije Fru\u0161ka gora je izdvojena kao primarna turisti\u010dka destinacija, a banja Vrdnik je svrstana u banjsko turisti\u010dko mesto od nacionalnog zna\u010daja.<\/p><p>Zbog svojih atraktivnih resursa, op\u0161tina Irig ima ogroman potencijal za razvoj raznovrsnih turisti\u010dkih sadr\u017eaja. Neki od njih su:<\/p><p>Aktivnosti kao \u0161to su planinarenje, biciklizam, jahanje, kampovanje, lov, ribolov, sportovi na vodi, zimski i ekstremni sportovi, kao \u0161to su adrenalinski parkovi, biciklisti\u010dki parkovi, zip-lajn, paraglajding, zmajarenje\u2026<\/p><p>Kulturno-tematske rute, kao \u0161to su posete fru\u0161kogorskim manastirima, vinske rute i dr.<\/p><p>Poslovni turizam (sastanci, kongresi, seminari i radionice)<\/p><p>Zdravstveni i Spa &amp; Wellnes turizam<\/p><p>Ekoturizam (posmatranje ptica, p\u010delarstvo, prou\u010davanje prirode\u2026)<\/p><p>Seoski turizam (boravci na sala\u0161ima i u seoskim turisti\u010dkim domac\u0301instvima i aktivnosti vezane za \u017eivot u seoskim naseljima)<\/p><p>Etnoturizam (posete etno galerijama, gastronomija i konzumacija organski proizvedene hrane, upoznavanje sa obi\u010dajima i starim zanatima)<\/p><p><strong>POVEZANOST<\/strong><\/p><p>Irig je udaljen 25 km od Novog Sada, drugog po veli\u010dini grada u Srbiji, 75 km od Beograda i 30 km od aerodroma Nikola Tesla. Nalazi se na 25 km od oba glavna autoputa A1 i A3. Novi autoput koji povezuje magistralne puteve A1 i A3, gradove Novi Sad-Irig-Ruma-\u0160abac (sa tunelom kroz Fru\u0161ku goru) i autoput \u0160abac-Loznica je u izgradnji i o\u010dekuje se da bude zavr\u0161en do kraja sledec\u0301e godine.<\/p><p>EKONOMIJA<\/p><p>Vodec\u0301e privredne grane su prehrambena industrija, metalska industrija i industrija gra\u0111evinskog materijala. Razvoj prehrambene industrije zasniva se na preradi voc\u0301a i gro\u017e\u0111a, proizvodnji sto\u010dne hrane i klanici. Metalna industrija je koncentrisana uglavnom u Vrdniku, gde posluju preduzec\u0301a za proizvodnju opreme, pribora i ma\u0161ina, se\u010denje materijala vodenim mlazom itd. Industrija gra\u0111evinskog materijala i njen razvoj zasniva se na postojec\u0301em sirovinskom potencijalu, pre svega glini, na kojoj je podignuta ciglana u privatnom vlasni\u0161tvu u Irigu.<\/p><p><strong>BANJA VRDNIK: PRIRODNO LE\u010cI\u0160TE<\/strong><\/p><p>Irig je poznat po svojim lekovitim, termomineralnim izvorima u selu Vrdnik. Zdravstveni turizam ima dugu istoriju, a Vrdnik je dugi niz godina me\u0111u vrhunskim zdravstvenim, wellness i rekreativnim centrima u Srbiji. Banja Vrdnik se nalazi u izuzetnom prirodnom amfiteatru, okru\u017eena pitomim dolinama potoka, obrasla bujnom i raznolikom vegetacijom. Pru\u017ea odli\u010dne moguc\u0301nosti za le\u010denje, odmor i rekreaciju, kao i za turizam, s obzirom na brojne kulturno-istorijske spomenike u blizini.<\/p><p>U banji se izdvaja izvor kiseline i izvor termalne vode. Izvor kisele mineralne vode nalazi se u dolini Vrdni\u010dkog potoka. Ovaj izvor je otkriven 1953. godine i daje oko 50 litara vode u minuti temperature 15,5 \u00b0C. Postoji jo\u0161 jedan izvor sa termalnom vodom temperature 32,8 \u00b0C. Voda je klasifikovana kao natrijum-magnezijum-hidrokarbonat-sulfidna homeoterma, i uspe\u0161no se koristi u le\u010denju reumatizma i postoperativnoj rehabilitaciji.<\/p><p>Specijalna bolnica za rehabilitaciju Termal danas ima moderan objekat ukupne povr\u0161ine 11.000 kvadratnih metara i pet bazena sa termalnom vodom \u2013 otvoreni olimpijski i de\u010diji, zatvoreni rekreativni i de\u010diji i terapeutski.<\/p><p>Specijalna bolnica je poznata po uspe\u0161nom le\u010denju \u0161irokog spektra reumatskih i neurolo\u0161kih oboljenja, kao \u0161to su sva degenerativna oboljenja lokomotornog sistema, inflamatorni reumatizam u remisiji, vanzglobni reumatizam, povrede mekih tkiva, posttraumatska stanja ekstremiteta, multipla skleroza, reumatoidni artritis, periferna deprivacija, psorijaza, Parkinsonova bolest, sportske povrede i mnoge druge bolesti.<\/p><p><strong>ITALIJANSKI RIZLING<\/strong><\/p><p>Fru\u0161ka gora je podru\u010dje italijanskog rizlinga, a po nekima i prapostojbina. Vi\u0161e od polovine vinograda na ovoj prelepoj vojvo\u0111anskoj planini je pod tom vrstom vinove loze. Zbog svog geografskog polo\u017eaja, blizine Dunava, mikroklime i odbijanja sunca od povr\u0161ine Dunava, na ovom podru\u010dju gro\u017e\u0111e ranije sazreva i ima vec\u0301i procenat \u0161ec\u0301era.<\/p><p><strong>SRPSKI ATOS<\/strong><\/p><p>Na obodu Fru\u0161ke gore nalazi se 17 pravoslavnih manastira, podignutih krajem 15. i tokom 16. veka. Ovaj impozantni manastirski kompleks je najvec\u0301im delom obnovljen u 18. veku i \u010dini specifi\u010dnu kulturno-istorijsku celinu srpske barokne umetnosti. Zahvaljujuc\u0301i velikom broju manastira na jednom mestu, Fru\u0161ka gora je dobila epitet \u201esrpski Atos\u201c. Najpoznatiji manastiri su Mala Remeta, Mala Ravanica, Jazak, Kru\u0161edol, Hopovo itd.<\/p><p><strong>Tekst: Op\u0161tina Irig<\/strong><\/p>\t\t\t\t\t\t\t\t<\/div>\n\t\t\t\t<\/div>\n\t\t\t\t<div class=\"elementor-element elementor-element-62182b97 gallery-spacing-custom elementor-widget elementor-widget-image-gallery\" data-id=\"62182b97\" data-element_type=\"widget\" data-e-type=\"widget\" data-settings=\"{&quot;motion_fx_motion_fx_scrolling&quot;:&quot;yes&quot;,&quot;motion_fx_scale_effect&quot;:&quot;yes&quot;,&quot;motion_fx_scale_speed&quot;:{&quot;unit&quot;:&quot;px&quot;,&quot;size&quot;:1,&quot;sizes&quot;:[]},&quot;motion_fx_scale_range&quot;:{&quot;unit&quot;:&quot;%&quot;,&quot;size&quot;:&quot;&quot;,&quot;sizes&quot;:{&quot;start&quot;:20,&quot;end&quot;:100}},&quot;motion_fx_scale_direction&quot;:&quot;out-in&quot;,&quot;motion_fx_devices&quot;:[&quot;desktop&quot;,&quot;tablet&quot;,&quot;mobile&quot;]}\" data-widget_type=\"image-gallery.default\">\n\t\t\t\t<div class=\"elementor-widget-container\">\n\t\t\t\t\t\t\t<div class=\"elementor-image-gallery\">\n\t\t\t\t\t<\/div>\n\t\t\t\t\t\t<\/div>\n\t\t\t\t<\/div>\n\t\t\t\t\t<\/div>\n\t\t<\/div>\n\t\t\t\t\t<\/div>\n\t\t<\/section>\n\t\t\t\t\t<\/div>\n\t\t<\/div>\n\t\t\t\t\t<\/div>\n\t\t<\/section>\n\t\t\t\t<\/div>\n\t\t","protected":false},"excerpt":{"rendered":"<p>Lokacija Lokacija Greenhill Residencijalni Park Iri\u0161ki Industrijski Park Irig je dru\u017eeljubiva op\u0161tina, koja nudi bogat kulturni i turisti\u010dki sadr\u017eaj kako posetiocima, tako i svojim stanovnicima. Pored toga, Irig ima izuzetno prirodno okru\u017eenje. Grad se nalazi na ju\u017enim obroncima Fru\u0161ke gore, planine u severnom Sremu, koju zbog prelepog pejza\u017ea, prirode i \u017eivopisnog sela, nazivaju i dragulj [&hellip;]<\/p>\n","protected":false},"author":1,"featured_media":0,"parent":0,"menu_order":0,"comment_status":"closed","ping_status":"closed","template":"elementor_header_footer","meta":{"footnotes":""},"class_list":["post-212","page","type-page","status-publish","hentry"],"_links":{"self":[{"href":"https:\/\/cortes-property.com\/index.php?rest_route=\/wp\/v2\/pages\/212","targetHints":{"allow":["GET"]}}],"collection":[{"href":"https:\/\/cortes-property.com\/index.php?rest_route=\/wp\/v2\/pages"}],"about":[{"href":"https:\/\/cortes-property.com\/index.php?rest_route=\/wp\/v2\/types\/page"}],"author":[{"embeddable":true,"href":"https:\/\/cortes-property.com\/index.php?rest_route=\/wp\/v2\/users\/1"}],"replies":[{"embeddable":true,"href":"https:\/\/cortes-property.com\/index.php?rest_route=%2Fwp%2Fv2%2Fcomments&post=212"}],"version-history":[{"count":16,"href":"https:\/\/cortes-property.com\/index.php?rest_route=\/wp\/v2\/pages\/212\/revisions"}],"predecessor-version":[{"id":273,"href":"https:\/\/cortes-property.com\/index.php?rest_route=\/wp\/v2\/pages\/212\/revisions\/273"}],"wp:attachment":[{"href":"https:\/\/cortes-property.com\/index.php?rest_route=%2Fwp%2Fv2%2Fmedia&parent=212"}],"curies":[{"name":"wp","href":"https:\/\/api.w.org\/{rel}","templated":true}]}}