{"id":146,"date":"2023-03-13T10:10:11","date_gmt":"2023-03-13T10:10:11","guid":{"rendered":"https:\/\/cortes-property.com\/?page_id=146"},"modified":"2023-03-13T11:18:48","modified_gmt":"2023-03-13T11:18:48","slug":"investicija","status":"publish","type":"page","link":"https:\/\/cortes-property.com\/?page_id=146","title":{"rendered":"Investicija"},"content":{"rendered":"\t\t<div data-elementor-type=\"wp-page\" data-elementor-id=\"146\" class=\"elementor elementor-146\" data-elementor-post-type=\"page\">\n\t\t\t\t\t\t<section class=\"elementor-section elementor-top-section elementor-element elementor-element-6656fa3a elementor-section-boxed elementor-section-height-default elementor-section-height-default\" data-id=\"6656fa3a\" data-element_type=\"section\" data-e-type=\"section\" data-settings=\"{&quot;background_background&quot;:&quot;classic&quot;}\">\n\t\t\t\t\t\t<div class=\"elementor-container elementor-column-gap-no\">\n\t\t\t\t\t<div class=\"elementor-column elementor-col-100 elementor-top-column elementor-element elementor-element-37f4ae4b\" data-id=\"37f4ae4b\" data-element_type=\"column\" data-e-type=\"column\">\n\t\t\t<div class=\"elementor-widget-wrap elementor-element-populated\">\n\t\t\t\t\t\t<div class=\"elementor-element elementor-element-1b873452 elementor-widget elementor-widget-heading\" data-id=\"1b873452\" data-element_type=\"widget\" data-e-type=\"widget\" data-widget_type=\"heading.default\">\n\t\t\t\t<div class=\"elementor-widget-container\">\n\t\t\t\t\t<h2 class=\"elementor-heading-title elementor-size-default\">Investicija<\/h2>\t\t\t\t<\/div>\n\t\t\t\t<\/div>\n\t\t\t\t\t<\/div>\n\t\t<\/div>\n\t\t\t\t\t<\/div>\n\t\t<\/section>\n\t\t\t\t<section class=\"elementor-section elementor-top-section elementor-element elementor-element-7e7b6a5a elementor-section-stretched elementor-section-full_width elementor-section-height-default elementor-section-height-default\" data-id=\"7e7b6a5a\" data-element_type=\"section\" data-e-type=\"section\" data-settings=\"{&quot;stretch_section&quot;:&quot;section-stretched&quot;,&quot;background_background&quot;:&quot;classic&quot;}\">\n\t\t\t\t\t\t<div class=\"elementor-container elementor-column-gap-no\">\n\t\t\t\t\t<div class=\"elementor-column elementor-col-100 elementor-top-column elementor-element elementor-element-12141937\" data-id=\"12141937\" data-element_type=\"column\" data-e-type=\"column\">\n\t\t\t<div class=\"elementor-widget-wrap elementor-element-populated\">\n\t\t\t\t\t\t<div class=\"elementor-element elementor-element-14b454af elementor-widget__width-auto elementor-absolute elementor-widget elementor-widget-image\" data-id=\"14b454af\" data-element_type=\"widget\" data-e-type=\"widget\" data-settings=\"{&quot;_position&quot;:&quot;absolute&quot;}\" data-widget_type=\"image.default\">\n\t\t\t\t<div class=\"elementor-widget-container\">\n\t\t\t\t\t\t\t\t\t\t\t\t\t\t\t<img decoding=\"async\" src=\"https:\/\/static.live.templately.com\/2020\/09\/5a2debc5-shape_left.png\" title=\"\" alt=\"\" loading=\"lazy\" \/>\t\t\t\t\t\t\t\t\t\t\t\t\t\t\t<\/div>\n\t\t\t\t<\/div>\n\t\t\t\t<section class=\"elementor-section elementor-inner-section elementor-element elementor-element-4fadc35c elementor-section-boxed elementor-section-height-default elementor-section-height-default\" data-id=\"4fadc35c\" data-element_type=\"section\" data-e-type=\"section\">\n\t\t\t\t\t\t<div class=\"elementor-container elementor-column-gap-no\">\n\t\t\t\t\t<div class=\"elementor-column elementor-col-50 elementor-inner-column elementor-element elementor-element-57aceb99 elementor-invisible\" data-id=\"57aceb99\" data-element_type=\"column\" data-e-type=\"column\" data-settings=\"{&quot;animation&quot;:&quot;fadeInLeft&quot;}\">\n\t\t\t<div class=\"elementor-widget-wrap\">\n\t\t\t\t\t\t\t<\/div>\n\t\t<\/div>\n\t\t\t\t<div class=\"elementor-column elementor-col-50 elementor-inner-column elementor-element elementor-element-4f1b506a elementor-invisible\" data-id=\"4f1b506a\" data-element_type=\"column\" data-e-type=\"column\" data-settings=\"{&quot;animation&quot;:&quot;fadeInRight&quot;}\">\n\t\t\t<div class=\"elementor-widget-wrap elementor-element-populated\">\n\t\t\t\t\t\t<div class=\"elementor-element elementor-element-5d511d11 elementor-widget elementor-widget-image\" data-id=\"5d511d11\" data-element_type=\"widget\" data-e-type=\"widget\" data-settings=\"{&quot;motion_fx_motion_fx_scrolling&quot;:&quot;yes&quot;,&quot;motion_fx_scale_effect&quot;:&quot;yes&quot;,&quot;motion_fx_scale_direction&quot;:&quot;in-out&quot;,&quot;motion_fx_scale_speed&quot;:{&quot;unit&quot;:&quot;px&quot;,&quot;size&quot;:1,&quot;sizes&quot;:[]},&quot;motion_fx_scale_range&quot;:{&quot;unit&quot;:&quot;%&quot;,&quot;size&quot;:&quot;&quot;,&quot;sizes&quot;:{&quot;start&quot;:20,&quot;end&quot;:80}},&quot;motion_fx_devices&quot;:[&quot;desktop&quot;,&quot;tablet&quot;,&quot;mobile&quot;]}\" data-widget_type=\"image.default\">\n\t\t\t\t<div class=\"elementor-widget-container\">\n\t\t\t\t\t\t\t\t\t\t\t\t\t\t\t<img fetchpriority=\"high\" decoding=\"async\" width=\"1920\" height=\"1281\" src=\"https:\/\/cortes-property.com\/wp-content\/uploads\/2023\/03\/INVESTMENT-1.png\" class=\"attachment-full size-full wp-image-171\" alt=\"\" srcset=\"https:\/\/cortes-property.com\/wp-content\/uploads\/2023\/03\/INVESTMENT-1.png 1920w, https:\/\/cortes-property.com\/wp-content\/uploads\/2023\/03\/INVESTMENT-1-300x200.png 300w, https:\/\/cortes-property.com\/wp-content\/uploads\/2023\/03\/INVESTMENT-1-1024x683.png 1024w, https:\/\/cortes-property.com\/wp-content\/uploads\/2023\/03\/INVESTMENT-1-768x512.png 768w, https:\/\/cortes-property.com\/wp-content\/uploads\/2023\/03\/INVESTMENT-1-1536x1025.png 1536w\" sizes=\"(max-width: 1920px) 100vw, 1920px\" \/>\t\t\t\t\t\t\t\t\t\t\t\t\t\t\t<\/div>\n\t\t\t\t<\/div>\n\t\t\t\t<div class=\"elementor-element elementor-element-20e09030 elementor-widget elementor-widget-text-editor\" data-id=\"20e09030\" data-element_type=\"widget\" data-e-type=\"widget\" data-widget_type=\"text-editor.default\">\n\t\t\t\t<div class=\"elementor-widget-container\">\n\t\t\t\t\t\t\t\t\t<p><strong>Tokom godina<\/strong>, iskustvo je pokazalo da dobro odabrana nekretnina mo\u017ee biti sigurna i veoma unosna investicija.<\/p><p>\u00a0<strong>Dobra investicija<\/strong><\/p><p>Tra\u017eite pouzdanu investiciju sa visokim prinosom? Nekretnina je siguran, uravnote\u017een, dugoro\u010dan investicioni proizvod, koji ne samo da je pogodan za pove\u0107anje va\u0161e imovine, ve\u0107 u budu\u0107nosti mo\u017ee postati i dom va\u0161oj deci i unucima.<\/p><p><strong>\u00a0Pouzdanost<\/strong><\/p><p>Ulaganje u nekretnine je jedan od najstarijih oblika ulaganja, i to ne slu\u010dajno. Ova vrsta ulaganja je bezbedna i prakti\u010dna. Stan sa dobrim karakteristikama se mo\u017ee veoma lako unov\u010diti.<\/p>\t\t\t\t\t\t\t\t<\/div>\n\t\t\t\t<\/div>\n\t\t\t\t<div class=\"elementor-element elementor-element-4c38c3f8 gallery-spacing-custom elementor-widget elementor-widget-image-gallery\" data-id=\"4c38c3f8\" data-element_type=\"widget\" data-e-type=\"widget\" data-settings=\"{&quot;motion_fx_motion_fx_scrolling&quot;:&quot;yes&quot;,&quot;motion_fx_scale_effect&quot;:&quot;yes&quot;,&quot;motion_fx_scale_speed&quot;:{&quot;unit&quot;:&quot;px&quot;,&quot;size&quot;:1,&quot;sizes&quot;:[]},&quot;motion_fx_scale_range&quot;:{&quot;unit&quot;:&quot;%&quot;,&quot;size&quot;:&quot;&quot;,&quot;sizes&quot;:{&quot;start&quot;:20,&quot;end&quot;:100}},&quot;motion_fx_scale_direction&quot;:&quot;out-in&quot;,&quot;motion_fx_devices&quot;:[&quot;desktop&quot;,&quot;tablet&quot;,&quot;mobile&quot;]}\" data-widget_type=\"image-gallery.default\">\n\t\t\t\t<div class=\"elementor-widget-container\">\n\t\t\t\t\t\t\t<div class=\"elementor-image-gallery\">\n\t\t\t\t\t<\/div>\n\t\t\t\t\t\t<\/div>\n\t\t\t\t<\/div>\n\t\t\t\t\t<\/div>\n\t\t<\/div>\n\t\t\t\t\t<\/div>\n\t\t<\/section>\n\t\t\t\t\t<\/div>\n\t\t<\/div>\n\t\t\t\t\t<\/div>\n\t\t<\/section>\n\t\t\t\t<\/div>\n\t\t","protected":false},"excerpt":{"rendered":"<p>Investicija O Nama Na\u0161a Misija Menad\u017ement Odr\u017eivost Industrijski Parkovi Investicija Tokom godina, iskustvo je pokazalo da dobro odabrana nekretnina mo\u017ee biti sigurna i veoma unosna investicija. \u00a0Dobra investicija Tra\u017eite pouzdanu investiciju sa visokim prinosom? Nekretnina je siguran, uravnote\u017een, dugoro\u010dan investicioni proizvod, koji ne samo da je pogodan za pove\u0107anje va\u0161e imovine, ve\u0107 u budu\u0107nosti mo\u017ee [&hellip;]<\/p>\n","protected":false},"author":1,"featured_media":0,"parent":0,"menu_order":0,"comment_status":"closed","ping_status":"closed","template":"elementor_header_footer","meta":{"footnotes":""},"class_list":["post-146","page","type-page","status-publish","hentry"],"_links":{"self":[{"href":"https:\/\/cortes-property.com\/index.php?rest_route=\/wp\/v2\/pages\/146","targetHints":{"allow":["GET"]}}],"collection":[{"href":"https:\/\/cortes-property.com\/index.php?rest_route=\/wp\/v2\/pages"}],"about":[{"href":"https:\/\/cortes-property.com\/index.php?rest_route=\/wp\/v2\/types\/page"}],"author":[{"embeddable":true,"href":"https:\/\/cortes-property.com\/index.php?rest_route=\/wp\/v2\/users\/1"}],"replies":[{"embeddable":true,"href":"https:\/\/cortes-property.com\/index.php?rest_route=%2Fwp%2Fv2%2Fcomments&post=146"}],"version-history":[{"count":10,"href":"https:\/\/cortes-property.com\/index.php?rest_route=\/wp\/v2\/pages\/146\/revisions"}],"predecessor-version":[{"id":199,"href":"https:\/\/cortes-property.com\/index.php?rest_route=\/wp\/v2\/pages\/146\/revisions\/199"}],"wp:attachment":[{"href":"https:\/\/cortes-property.com\/index.php?rest_route=%2Fwp%2Fv2%2Fmedia&parent=146"}],"curies":[{"name":"wp","href":"https:\/\/api.w.org\/{rel}","templated":true}]}}