{"id":134,"date":"2023-03-13T10:02:20","date_gmt":"2023-03-13T10:02:20","guid":{"rendered":"https:\/\/cortes-property.com\/?page_id=134"},"modified":"2023-03-13T11:20:12","modified_gmt":"2023-03-13T11:20:12","slug":"nasa-misija","status":"publish","type":"page","link":"https:\/\/cortes-property.com\/?page_id=134","title":{"rendered":"Na\u0161a Misija"},"content":{"rendered":"\t\t<div data-elementor-type=\"wp-page\" data-elementor-id=\"134\" class=\"elementor elementor-134\" data-elementor-post-type=\"page\">\n\t\t\t\t\t\t<section class=\"elementor-section elementor-top-section elementor-element elementor-element-235808b3 elementor-section-boxed elementor-section-height-default elementor-section-height-default\" data-id=\"235808b3\" data-element_type=\"section\" data-e-type=\"section\" data-settings=\"{&quot;background_background&quot;:&quot;classic&quot;}\">\n\t\t\t\t\t\t<div class=\"elementor-container elementor-column-gap-no\">\n\t\t\t\t\t<div class=\"elementor-column elementor-col-100 elementor-top-column elementor-element elementor-element-cdb361b\" data-id=\"cdb361b\" data-element_type=\"column\" data-e-type=\"column\">\n\t\t\t<div class=\"elementor-widget-wrap elementor-element-populated\">\n\t\t\t\t\t\t<div class=\"elementor-element elementor-element-4ece367c elementor-widget elementor-widget-heading\" data-id=\"4ece367c\" data-element_type=\"widget\" data-e-type=\"widget\" data-widget_type=\"heading.default\">\n\t\t\t\t<div class=\"elementor-widget-container\">\n\t\t\t\t\t<h2 class=\"elementor-heading-title elementor-size-default\">Na\u0161a Misija<\/h2>\t\t\t\t<\/div>\n\t\t\t\t<\/div>\n\t\t\t\t\t<\/div>\n\t\t<\/div>\n\t\t\t\t\t<\/div>\n\t\t<\/section>\n\t\t\t\t<section class=\"elementor-section elementor-top-section elementor-element elementor-element-3b41eab5 elementor-section-stretched elementor-section-full_width elementor-section-height-default elementor-section-height-default\" data-id=\"3b41eab5\" data-element_type=\"section\" data-e-type=\"section\" data-settings=\"{&quot;stretch_section&quot;:&quot;section-stretched&quot;,&quot;background_background&quot;:&quot;classic&quot;}\">\n\t\t\t\t\t\t<div class=\"elementor-container elementor-column-gap-no\">\n\t\t\t\t\t<div class=\"elementor-column elementor-col-100 elementor-top-column elementor-element elementor-element-56c8c14f\" data-id=\"56c8c14f\" data-element_type=\"column\" data-e-type=\"column\">\n\t\t\t<div class=\"elementor-widget-wrap elementor-element-populated\">\n\t\t\t\t\t\t<div class=\"elementor-element elementor-element-334f179 elementor-widget__width-auto elementor-absolute elementor-widget elementor-widget-image\" data-id=\"334f179\" data-element_type=\"widget\" data-e-type=\"widget\" data-settings=\"{&quot;_position&quot;:&quot;absolute&quot;}\" data-widget_type=\"image.default\">\n\t\t\t\t<div class=\"elementor-widget-container\">\n\t\t\t\t\t\t\t\t\t\t\t\t\t\t\t<img decoding=\"async\" src=\"https:\/\/static.live.templately.com\/2020\/09\/5a2debc5-shape_left.png\" title=\"\" alt=\"\" loading=\"lazy\" \/>\t\t\t\t\t\t\t\t\t\t\t\t\t\t\t<\/div>\n\t\t\t\t<\/div>\n\t\t\t\t<section class=\"elementor-section elementor-inner-section elementor-element elementor-element-35d69b72 elementor-section-boxed elementor-section-height-default elementor-section-height-default\" data-id=\"35d69b72\" data-element_type=\"section\" data-e-type=\"section\">\n\t\t\t\t\t\t<div class=\"elementor-container elementor-column-gap-no\">\n\t\t\t\t\t<div class=\"elementor-column elementor-col-50 elementor-inner-column elementor-element elementor-element-393006ec elementor-invisible\" data-id=\"393006ec\" data-element_type=\"column\" data-e-type=\"column\" data-settings=\"{&quot;animation&quot;:&quot;fadeInLeft&quot;}\">\n\t\t\t<div class=\"elementor-widget-wrap\">\n\t\t\t\t\t\t\t<\/div>\n\t\t<\/div>\n\t\t\t\t<div class=\"elementor-column elementor-col-50 elementor-inner-column elementor-element elementor-element-260c44f8 elementor-invisible\" data-id=\"260c44f8\" data-element_type=\"column\" data-e-type=\"column\" data-settings=\"{&quot;animation&quot;:&quot;fadeInRight&quot;}\">\n\t\t\t<div class=\"elementor-widget-wrap elementor-element-populated\">\n\t\t\t\t\t\t<div class=\"elementor-element elementor-element-738f0168 elementor-widget elementor-widget-image\" data-id=\"738f0168\" data-element_type=\"widget\" data-e-type=\"widget\" data-settings=\"{&quot;motion_fx_motion_fx_scrolling&quot;:&quot;yes&quot;,&quot;motion_fx_scale_effect&quot;:&quot;yes&quot;,&quot;motion_fx_scale_direction&quot;:&quot;in-out&quot;,&quot;motion_fx_scale_speed&quot;:{&quot;unit&quot;:&quot;px&quot;,&quot;size&quot;:1,&quot;sizes&quot;:[]},&quot;motion_fx_scale_range&quot;:{&quot;unit&quot;:&quot;%&quot;,&quot;size&quot;:&quot;&quot;,&quot;sizes&quot;:{&quot;start&quot;:20,&quot;end&quot;:80}},&quot;motion_fx_devices&quot;:[&quot;desktop&quot;,&quot;tablet&quot;,&quot;mobile&quot;]}\" data-widget_type=\"image.default\">\n\t\t\t\t<div class=\"elementor-widget-container\">\n\t\t\t\t\t\t\t\t\t\t\t\t\t\t\t<img fetchpriority=\"high\" decoding=\"async\" width=\"1920\" height=\"1280\" src=\"https:\/\/cortes-property.com\/wp-content\/uploads\/2023\/03\/OUR-MISSION-2b-1.png\" class=\"attachment-full size-full wp-image-136\" alt=\"\" srcset=\"https:\/\/cortes-property.com\/wp-content\/uploads\/2023\/03\/OUR-MISSION-2b-1.png 1920w, https:\/\/cortes-property.com\/wp-content\/uploads\/2023\/03\/OUR-MISSION-2b-1-300x200.png 300w, https:\/\/cortes-property.com\/wp-content\/uploads\/2023\/03\/OUR-MISSION-2b-1-1024x683.png 1024w, https:\/\/cortes-property.com\/wp-content\/uploads\/2023\/03\/OUR-MISSION-2b-1-768x512.png 768w, https:\/\/cortes-property.com\/wp-content\/uploads\/2023\/03\/OUR-MISSION-2b-1-1536x1024.png 1536w\" sizes=\"(max-width: 1920px) 100vw, 1920px\" \/>\t\t\t\t\t\t\t\t\t\t\t\t\t\t\t<\/div>\n\t\t\t\t<\/div>\n\t\t\t\t<div class=\"elementor-element elementor-element-6bdd9d2c elementor-widget elementor-widget-text-editor\" data-id=\"6bdd9d2c\" data-element_type=\"widget\" data-e-type=\"widget\" data-widget_type=\"text-editor.default\">\n\t\t\t\t<div class=\"elementor-widget-container\">\n\t\t\t\t\t\t\t\t\t<p>Osnovne vrednosti svake kompanije su da bude stabilna, moderna i inspirativna. Iza uspeha kompanije CORTES PROPERTY stoji posebna korporativna filozofija i zajedni\u010dke vrednosti koje odre\u0111uju svakodnevno delovanje. U ovoj filozofiji veliki naglasak stavljamo na korporativnu dru\u0161tvenu odgovornost i\u00a0 na gradnju odr\u017eivih zgrada, kako bismo mogli graditi bolju budu\u0107nost za sve nas. Na\u0161e najva\u017enije vrednosti su integritet, pouzdanost i stru\u010dnost, te vrednosti zastupamo u svim na\u0161im segmentima. Verujemo u na\u0161e ciljeve: u stvaranju\u00a0 zgrada svetskog kvaliteta koje \u0107e postati ikoni\u010dne ku\u0107e ili lokacije za ikoni\u010dne ljude ili preduze\u0107a.<\/p>\t\t\t\t\t\t\t\t<\/div>\n\t\t\t\t<\/div>\n\t\t\t\t<div class=\"elementor-element elementor-element-6ad8c575 gallery-spacing-custom elementor-widget elementor-widget-image-gallery\" data-id=\"6ad8c575\" data-element_type=\"widget\" data-e-type=\"widget\" data-settings=\"{&quot;motion_fx_motion_fx_scrolling&quot;:&quot;yes&quot;,&quot;motion_fx_scale_effect&quot;:&quot;yes&quot;,&quot;motion_fx_scale_speed&quot;:{&quot;unit&quot;:&quot;px&quot;,&quot;size&quot;:1,&quot;sizes&quot;:[]},&quot;motion_fx_scale_range&quot;:{&quot;unit&quot;:&quot;%&quot;,&quot;size&quot;:&quot;&quot;,&quot;sizes&quot;:{&quot;start&quot;:20,&quot;end&quot;:100}},&quot;motion_fx_scale_direction&quot;:&quot;out-in&quot;,&quot;motion_fx_devices&quot;:[&quot;desktop&quot;,&quot;tablet&quot;,&quot;mobile&quot;]}\" data-widget_type=\"image-gallery.default\">\n\t\t\t\t<div class=\"elementor-widget-container\">\n\t\t\t\t\t\t\t<div class=\"elementor-image-gallery\">\n\t\t\t\t\t<\/div>\n\t\t\t\t\t\t<\/div>\n\t\t\t\t<\/div>\n\t\t\t\t\t<\/div>\n\t\t<\/div>\n\t\t\t\t\t<\/div>\n\t\t<\/section>\n\t\t\t\t\t<\/div>\n\t\t<\/div>\n\t\t\t\t\t<\/div>\n\t\t<\/section>\n\t\t\t\t<\/div>\n\t\t","protected":false},"excerpt":{"rendered":"<p>Na\u0161a Misija O Nama Na\u0161a Misija Menad\u017ement Odr\u017eivost Industrijski Parkovi Investicija Osnovne vrednosti svake kompanije su da bude stabilna, moderna i inspirativna. Iza uspeha kompanije CORTES PROPERTY stoji posebna korporativna filozofija i zajedni\u010dke vrednosti koje odre\u0111uju svakodnevno delovanje. U ovoj filozofiji veliki naglasak stavljamo na korporativnu dru\u0161tvenu odgovornost i\u00a0 na gradnju odr\u017eivih zgrada, kako bismo [&hellip;]<\/p>\n","protected":false},"author":1,"featured_media":0,"parent":0,"menu_order":0,"comment_status":"closed","ping_status":"closed","template":"elementor_header_footer","meta":{"footnotes":""},"class_list":["post-134","page","type-page","status-publish","hentry"],"_links":{"self":[{"href":"https:\/\/cortes-property.com\/index.php?rest_route=\/wp\/v2\/pages\/134","targetHints":{"allow":["GET"]}}],"collection":[{"href":"https:\/\/cortes-property.com\/index.php?rest_route=\/wp\/v2\/pages"}],"about":[{"href":"https:\/\/cortes-property.com\/index.php?rest_route=\/wp\/v2\/types\/page"}],"author":[{"embeddable":true,"href":"https:\/\/cortes-property.com\/index.php?rest_route=\/wp\/v2\/users\/1"}],"replies":[{"embeddable":true,"href":"https:\/\/cortes-property.com\/index.php?rest_route=%2Fwp%2Fv2%2Fcomments&post=134"}],"version-history":[{"count":13,"href":"https:\/\/cortes-property.com\/index.php?rest_route=\/wp\/v2\/pages\/134\/revisions"}],"predecessor-version":[{"id":202,"href":"https:\/\/cortes-property.com\/index.php?rest_route=\/wp\/v2\/pages\/134\/revisions\/202"}],"wp:attachment":[{"href":"https:\/\/cortes-property.com\/index.php?rest_route=%2Fwp%2Fv2%2Fmedia&parent=134"}],"curies":[{"name":"wp","href":"https:\/\/api.w.org\/{rel}","templated":true}]}}